{"id":1531,"date":"2026-04-23T10:32:32","date_gmt":"2026-04-23T10:32:32","guid":{"rendered":"https:\/\/kalulu.excellolab.org\/?page_id=1531"},"modified":"2026-04-23T10:32:32","modified_gmt":"2026-04-23T10:32:32","slug":"projet-de-science-citoyenne-pour-lenseignement-de-la-lecture","status":"publish","type":"page","link":"https:\/\/kalulu.excellolab.org\/en\/projet-de-science-citoyenne-pour-lenseignement-de-la-lecture\/","title":{"rendered":"Projet de science citoyenne pour l&rsquo;enseignement de la lecture."},"content":{"rendered":"\n<p>Merci de l&rsquo;int\u00e9r\u00eat que vous portez \u00e0 ce projet de science citoyenne.<\/p>\n\n\n\n<p>Par le biais de ce formulaire, nous souhaitons conna\u00eetre votre int\u00e9r\u00eat potentiel pour participer \u00e0 une exp\u00e9rience collaborative qui se d\u00e9roulera l&rsquo;ann\u00e9e prochaine en France.<\/p>\n\n\n\n<p>Le projet consistera \u00e0 mettre en \u0153uvre la m\u00e9thode phon\u00e9tique Kalulu pour l&rsquo;apprentissage initial de la lecture et de l&rsquo;\u00e9criture en premi\u00e8re ann\u00e9e, dans le but de r\u00e9pondre \u00e0 diff\u00e9rentes questions sur ces processus d&rsquo;apprentissage.<\/p>\n\n\n\n<p>Vous, les enseignants, serez les acteurs principaux : vous formulerez les questions \u00e0 \u00e9tudier, \u00e9valuerez les performances de vos \u00e9l\u00e8ves tout au long de l&rsquo;ann\u00e9e et participerez activement \u00e0 des exp\u00e9riences comparatives en classe. Cela permettra de g\u00e9n\u00e9rer des donn\u00e9es sur les strat\u00e9gies les plus efficaces pour enseigner la lecture et l&rsquo;\u00e9criture.<\/p>\n\n\n\n<p>Cette initiative s&rsquo;inscrit dans une approche de l&rsquo;\u00e9ducation fond\u00e9e sur des donn\u00e9es probantes, o\u00f9 les d\u00e9cisions p\u00e9dagogiques s&rsquo;enrichissent de donn\u00e9es r\u00e9elles issues des salles de classe elles-m\u00eames et des connaissances construites collectivement.<\/p>\n\n\n\n<p>M\u00eame si vous n&rsquo;enseignez pas actuellement en premi\u00e8re ann\u00e9e, si vous pensez pouvoir le faire l&rsquo;ann\u00e9e prochaine, nous vous invitons \u00e9galement \u00e0 remplir le formulaire.<\/p>\n\n\n<style id=\"wpforms-css-vars-1524\">\n\t\t\t\t#wpforms-1524 {\n\t\t\t\t--wpforms-field-size-input-height: 43px;\n--wpforms-field-size-input-spacing: 15px;\n--wpforms-field-size-font-size: 16px;\n--wpforms-field-size-line-height: 19px;\n--wpforms-field-size-padding-h: 14px;\n--wpforms-field-size-checkbox-size: 16px;\n--wpforms-field-size-sublabel-spacing: 5px;\n--wpforms-field-size-icon-size: 1;\n--wpforms-label-size-font-size: 16px;\n--wpforms-label-size-line-height: 19px;\n--wpforms-label-size-sublabel-font-size: 14px;\n--wpforms-label-size-sublabel-line-height: 17px;\n--wpforms-button-size-font-size: 17px;\n--wpforms-button-size-height: 41px;\n--wpforms-button-size-padding-h: 15px;\n--wpforms-button-size-margin-top: 10px;\n--wpforms-container-shadow-size-box-shadow: none;\n\t\t\t}\n\t\t\t<\/style><div class=\"wpforms-container wpforms-container-full wpforms-render-modern\" id=\"wpforms-1524\"><form id=\"wpforms-form-1524\" class=\"wpforms-validate wpforms-form wpforms-ajax-form\" data-formid=\"1524\" method=\"post\" enctype=\"multipart\/form-data\" action=\"\/en\/wp-json\/wp\/v2\/pages\/1531\" data-token=\"4a212a6b8f70b00034df827aa249ae1f\" data-token-time=\"1777392602\"><noscript class=\"wpforms-error-noscript\">Please enable JavaScript in your browser to complete this form.<\/noscript><div id=\"wpforms-error-noscript\" style=\"display: none;\">Please enable JavaScript in your browser to complete this form.<\/div><div class=\"wpforms-field-container\">\t\t<div id=\"wpforms-1524-field_3-container\"\n\t\t\tclass=\"wpforms-field wpforms-field-text\"\n\t\t\tdata-field-type=\"text\"\n\t\t\tdata-field-id=\"3\"\n\t\t\t>\n\t\t\t<label class=\"wpforms-field-label\" for=\"wpforms-1524-field_3\" >\u2014 int\u00e9ress\u00e9 le<\/label>\n\t\t\t<input type=\"text\" id=\"wpforms-1524-field_3\" class=\"wpforms-field-medium\" name=\"wpforms[fields][3]\" >\n\t\t<\/div>\n\t\t<div id=\"wpforms-1524-field_2-container\" class=\"wpforms-field wpforms-field-email\" data-field-id=\"2\"><label class=\"wpforms-field-label\" for=\"wpforms-1524-field_2\">E-mail <span class=\"wpforms-required-label\" aria-hidden=\"true\">*<\/span><\/label><input type=\"email\" id=\"wpforms-1524-field_2\" class=\"wpforms-field-medium wpforms-field-required\" name=\"wpforms[fields][2]\" spellcheck=\"false\" aria-errormessage=\"wpforms-1524-field_2-error\" required><\/div><div id=\"wpforms-1524-field_1-container\" class=\"wpforms-field wpforms-field-name\" data-field-id=\"1\"><label class=\"wpforms-field-label\" for=\"wpforms-1524-field_1\">Nom et pr\u00e9nom <span class=\"wpforms-required-label\" aria-hidden=\"true\">*<\/span><\/label><input type=\"text\" id=\"wpforms-1524-field_1\" class=\"wpforms-field-medium wpforms-field-required\" name=\"wpforms[fields][1]\" aria-errormessage=\"wpforms-1524-field_1-error\" required><\/div><div id=\"wpforms-1524-field_13-container\" class=\"wpforms-field wpforms-field-select wpforms-conditional-trigger wpforms-field-select-style-classic\" data-field-id=\"13\"><label class=\"wpforms-field-label\" for=\"wpforms-1524-field_13\">Pourquoi souhaitez-vous utiliser Kalulu ? <span class=\"wpforms-required-label\" aria-hidden=\"true\">*<\/span><\/label><select id=\"wpforms-1524-field_13\" class=\"wpforms-field-medium wpforms-field-required\" name=\"wpforms[fields][13]\" required=\"required\"><option value=\"Je suis enseignant, je souhaite l&#039;utiliser en classe pour apprendre \u00e0 lire et \u00e0 \u00e9crire\"  class=\"choice-2 depth-1\"  >Je suis enseignant, je souhaite l'utiliser en classe pour apprendre \u00e0 lire et \u00e0 \u00e9crire<\/option><option value=\"Je suis enseignant, je souhaite l&#039;utiliser en classe \u00e0 des fins de rattrapage\"  class=\"choice-4 depth-1\"  >Je suis enseignant, je souhaite l'utiliser en classe \u00e0 des fins de rattrapage<\/option><option value=\"Je suis psychop\u00e9dagogue, je souhaite l&#039;utiliser avec mes patients lors de s\u00e9ances individuelles\"  class=\"choice-1 depth-1\"  >Je suis psychop\u00e9dagogue, je souhaite l'utiliser avec mes patients lors de s\u00e9ances individuelles<\/option><option value=\"Je suis psychop\u00e9dagogue, je souhaite l&#039;utiliser dans des groupes de rattrapage\"  class=\"choice-3 depth-1\"  >Je suis psychop\u00e9dagogue, je souhaite l'utiliser dans des groupes de rattrapage<\/option><option value=\"Je veux l&#039;utiliser pour aider quelqu&#039;un que je connais\"  class=\"choice-5 depth-1\"  >Je veux l'utiliser pour aider quelqu'un que je connais<\/option><\/select><\/div><div id=\"wpforms-1524-field_14-container\" class=\"wpforms-field wpforms-field-select wpforms-conditional-field wpforms-conditional-show wpforms-field-select-style-classic\" data-field-id=\"14\" style=\"display:none;\"><label class=\"wpforms-field-label\" for=\"wpforms-1524-field_14\">Combien d&#039;enfants suivez-vous ? <span class=\"wpforms-required-label\" aria-hidden=\"true\">*<\/span><\/label><select id=\"wpforms-1524-field_14\" class=\"wpforms-field-medium wpforms-field-required\" name=\"wpforms[fields][14]\" required=\"required\"><option value=\"5 ou moins\"  class=\"choice-2 depth-1\"  >5 ou moins<\/option><option value=\"Entre 6 et 10\"  class=\"choice-1 depth-1\"  >Entre 6 et 10<\/option><option value=\"Entre 11 et 15\"  class=\"choice-3 depth-1\"  >Entre 11 et 15<\/option><option value=\"Entre 16 et 20\"  class=\"choice-4 depth-1\"  >Entre 16 et 20<\/option><option value=\"Plus de 20\"  class=\"choice-5 depth-1\"  >Plus de 20<\/option><\/select><\/div><div id=\"wpforms-1524-field_4-container\" class=\"wpforms-field wpforms-field-select wpforms-conditional-field wpforms-conditional-show wpforms-conditional-trigger wpforms-field-select-style-classic\" data-field-id=\"4\" style=\"display:none;\"><label class=\"wpforms-field-label\" for=\"wpforms-1524-field_4\">\u00cates-vous \u2014 ou pensez-vous que vous pourriez \u00eatre l&#039;ann\u00e9e scolaire prochaine \u2014 charg\u00e9 d&#039;enseigner la lecture et l&#039;\u00e9criture en CP ? <span class=\"wpforms-required-label\" aria-hidden=\"true\">*<\/span><\/label><select id=\"wpforms-1524-field_4\" class=\"wpforms-field-medium wpforms-field-required\" name=\"wpforms[fields][4]\" required=\"required\"><option value=\"Non\"  class=\"choice-2 depth-1\"  >Non<\/option><option value=\"Oui\"  class=\"choice-1 depth-1\"  >Oui<\/option><\/select><\/div><div id=\"wpforms-1524-field_5-container\" class=\"wpforms-field wpforms-field-text wpforms-conditional-field wpforms-conditional-show\" data-field-id=\"5\" style=\"display:none;\"><label class=\"wpforms-field-label\" for=\"wpforms-1524-field_5\">Combien de classes de CP avez-vous \u2014 ou pensez-vous avoir \u2014 sous votre responsabilit\u00e9 \u00e0 la rentr\u00e9e ? <span class=\"wpforms-required-label\" aria-hidden=\"true\">*<\/span><\/label><input type=\"text\" id=\"wpforms-1524-field_5\" class=\"wpforms-field-medium wpforms-field-required\" name=\"wpforms[fields][5]\" aria-errormessage=\"wpforms-1524-field_5-error\" required><\/div><div id=\"wpforms-1524-field_6-container\" class=\"wpforms-field wpforms-field-text wpforms-conditional-field wpforms-conditional-show\" data-field-id=\"6\" style=\"display:none;\"><label class=\"wpforms-field-label\" for=\"wpforms-1524-field_6\">Combien d&#039;\u00e9l\u00e8ves de CP aurez-vous \u2014 ou pensez-vous avoir \u2014 sous votre responsabilit\u00e9 \u00e0 la rentr\u00e9e ? <span class=\"wpforms-required-label\" aria-hidden=\"true\">*<\/span><\/label><input type=\"text\" id=\"wpforms-1524-field_6\" class=\"wpforms-field-medium wpforms-field-required\" name=\"wpforms[fields][6]\" aria-errormessage=\"wpforms-1524-field_6-error\" required><\/div><div id=\"wpforms-1524-field_7-container\" class=\"wpforms-field wpforms-field-text wpforms-conditional-field wpforms-conditional-show\" data-field-id=\"7\" style=\"display:none;\"><label class=\"wpforms-field-label\" for=\"wpforms-1524-field_7\">Dans quelle acad\u00e9mie enseignez-vous ? <span class=\"wpforms-required-label\" aria-hidden=\"true\">*<\/span><\/label><input type=\"text\" id=\"wpforms-1524-field_7\" class=\"wpforms-field-medium wpforms-field-required\" name=\"wpforms[fields][7]\" aria-errormessage=\"wpforms-1524-field_7-error\" required><\/div><div id=\"wpforms-1524-field_12-container\" class=\"wpforms-field wpforms-field-text wpforms-conditional-field wpforms-conditional-show\" data-field-id=\"12\" style=\"display:none;\"><label class=\"wpforms-field-label\" for=\"wpforms-1524-field_12\">Dans quelle commune se trouve l&#039;\u00e9tablissement o\u00f9 vous enseignez ? <span class=\"wpforms-required-label\" aria-hidden=\"true\">*<\/span><\/label><input type=\"text\" id=\"wpforms-1524-field_12\" class=\"wpforms-field-medium wpforms-field-required\" name=\"wpforms[fields][12]\" aria-errormessage=\"wpforms-1524-field_12-error\" required><\/div><div id=\"wpforms-1524-field_8-container\" class=\"wpforms-field wpforms-field-select wpforms-conditional-field wpforms-conditional-show wpforms-conditional-trigger wpforms-field-select-style-classic\" data-field-id=\"8\" style=\"display:none;\"><label class=\"wpforms-field-label\" for=\"wpforms-1524-field_8\">Seriez-vous int\u00e9ress\u00e9 de participer au projet de science citoyenne pour l&#039;ann\u00e9e 2026-2027 ? <span class=\"wpforms-required-label\" aria-hidden=\"true\">*<\/span><\/label><select id=\"wpforms-1524-field_8\" class=\"wpforms-field-medium wpforms-field-required\" name=\"wpforms[fields][8]\" required=\"required\"><option value=\"Oui\"  class=\"choice-1 depth-1\"  >Oui<\/option><option value=\"Non\"  class=\"choice-2 depth-1\"  >Non<\/option><\/select><\/div><div id=\"wpforms-1524-field_9-container\" class=\"wpforms-field wpforms-field-select wpforms-conditional-field wpforms-conditional-show wpforms-field-select-style-classic\" data-field-id=\"9\" style=\"display:none;\"><label class=\"wpforms-field-label\" for=\"wpforms-1524-field_9\">Acceptez-vous que nous vous contactions par ce biais pour vous inviter \u00e0 nos prochaines r\u00e9unions d&#039;information sur le projet de science citoyenne ? <span class=\"wpforms-required-label\" aria-hidden=\"true\">*<\/span><\/label><select id=\"wpforms-1524-field_9\" class=\"wpforms-field-medium wpforms-field-required\" name=\"wpforms[fields][9]\" required=\"required\"><option value=\"J&#039;accepte\"  class=\"choice-1 depth-1\"  >J'accepte<\/option><option value=\"Je n&#039;accepte pas\"  class=\"choice-2 depth-1\"  >Je n'accepte pas<\/option><\/select><\/div><div id=\"wpforms-1524-field_10-container\" class=\"wpforms-field wpforms-field-text\" data-field-id=\"10\"><label class=\"wpforms-field-label\" for=\"wpforms-1524-field_10\">Avez-vous des commentaires, des questions ou des suggestions ?<\/label><input type=\"text\" id=\"wpforms-1524-field_10\" class=\"wpforms-field-medium\" name=\"wpforms[fields][10]\" aria-errormessage=\"wpforms-1524-field_10-error\" ><\/div><script>\n\t\t\t\t( function() {\n\t\t\t\t\tconst style = document.createElement( 'style' );\n\t\t\t\t\tstyle.appendChild( document.createTextNode( '#wpforms-1524-field_3-container { position: absolute !important; overflow: hidden !important; display: inline !important; height: 1px !important; width: 1px !important; z-index: -1000 !important; padding: 0 !important; } #wpforms-1524-field_3-container input { visibility: hidden; } #wpforms-conversational-form-page #wpforms-1524-field_3-container label { counter-increment: none; }' ) );\n\t\t\t\t\tdocument.head.appendChild( style );\n\t\t\t\t\tdocument.currentScript?.remove();\n\t\t\t\t} )();\n\t\t\t<\/script><\/div><!-- .wpforms-field-container --><div class=\"wpforms-submit-container\" ><input type=\"hidden\" name=\"wpforms[id]\" value=\"1524\"><input type=\"hidden\" name=\"page_title\" value=\"\"><input type=\"hidden\" name=\"page_url\" value=\"https:\/\/kalulu.excellolab.org\/en\/wp-json\/wp\/v2\/pages\/1531\"><input type=\"hidden\" name=\"url_referer\" value=\"\"><button type=\"submit\" name=\"wpforms[submit]\" id=\"wpforms-submit-1524\" class=\"wpforms-submit\" data-alt-text=\"Envoi en cours ...\" data-submit-text=\"Envoyer\" aria-live=\"assertive\" value=\"wpforms-submit\">Envoyer<\/button><img loading=\"lazy\" decoding=\"async\" src=\"https:\/\/kalulu.excellolab.org\/wp-content\/plugins\/wpforms\/assets\/images\/submit-spin.svg\" class=\"wpforms-submit-spinner\" style=\"display: none;\" width=\"26\" height=\"26\" alt=\"Loading\"><\/div><\/form><\/div>  <!-- .wpforms-container -->\n","protected":false},"excerpt":{"rendered":"<p>Merci de l&rsquo;int\u00e9r\u00eat que vous portez \u00e0 ce projet de science citoyenne. Par le biais de ce formulaire, nous souhaitons conna\u00eetre votre int\u00e9r\u00eat potentiel pour participer \u00e0 une exp\u00e9rience collaborative qui se d\u00e9roulera l&rsquo;ann\u00e9e prochaine en France. Le projet consistera \u00e0 mettre en \u0153uvre la m\u00e9thode phon\u00e9tique Kalulu pour l&rsquo;apprentissage initial de la lecture et [&hellip;]<\/p>\n","protected":false},"author":3,"featured_media":0,"parent":0,"menu_order":0,"comment_status":"closed","ping_status":"closed","template":"","meta":{"_acf_changed":false,"footnotes":""},"class_list":["post-1531","page","type-page","status-publish","hentry"],"acf":[],"_links":{"self":[{"href":"https:\/\/kalulu.excellolab.org\/en\/wp-json\/wp\/v2\/pages\/1531","targetHints":{"allow":["GET"]}}],"collection":[{"href":"https:\/\/kalulu.excellolab.org\/en\/wp-json\/wp\/v2\/pages"}],"about":[{"href":"https:\/\/kalulu.excellolab.org\/en\/wp-json\/wp\/v2\/types\/page"}],"author":[{"embeddable":true,"href":"https:\/\/kalulu.excellolab.org\/en\/wp-json\/wp\/v2\/users\/3"}],"replies":[{"embeddable":true,"href":"https:\/\/kalulu.excellolab.org\/en\/wp-json\/wp\/v2\/comments?post=1531"}],"version-history":[{"count":1,"href":"https:\/\/kalulu.excellolab.org\/en\/wp-json\/wp\/v2\/pages\/1531\/revisions"}],"predecessor-version":[{"id":1532,"href":"https:\/\/kalulu.excellolab.org\/en\/wp-json\/wp\/v2\/pages\/1531\/revisions\/1532"}],"wp:attachment":[{"href":"https:\/\/kalulu.excellolab.org\/en\/wp-json\/wp\/v2\/media?parent=1531"}],"curies":[{"name":"wp","href":"https:\/\/api.w.org\/{rel}","templated":true}]}}