{"id":218,"date":"2025-05-08T09:40:59","date_gmt":"2025-05-08T09:40:59","guid":{"rendered":"http:\/\/kalulu.15.236.191.115.nip.io\/?page_id=218"},"modified":"2025-05-16T10:20:35","modified_gmt":"2025-05-16T10:20:35","slug":"politique-en-matiere-de-droits-dauteurs","status":"publish","type":"page","link":"https:\/\/kalulu.excellolab.org\/en\/politique-en-matiere-de-droits-dauteurs\/","title":{"rendered":"Copyright Policy"},"content":{"rendered":"<p class=\"translation-block\">Kalulu is a French registered trademark of the Excello association.<br><br> Kalulu \u00a9 2023 d\u2019Excello. <br><br> All original material created for the Kalulu phonics method may be freely distributed. freely under the international license Creative Commons Attribution-ShareAlike 4.0 International.<\/p>","protected":false},"excerpt":{"rendered":"<p>Kalulu est une marque d\u00e9pos\u00e9e appartenant \u00e0 l\u2019association Excello. Kalulu\u00a0\u00a9 2023 d\u2019Excello. Tout mat\u00e9riel original cr\u00e9\u00e9 pour la m\u00e9thode Kalulu phonics peut \u00eatre librement distribu\u00e9 librement sous la licence internationale Creative Commons Attribution-ShareAlike 4.0.<\/p>","protected":false},"author":1,"featured_media":0,"parent":0,"menu_order":0,"comment_status":"closed","ping_status":"closed","template":"template-legal.php","meta":{"_acf_changed":false,"footnotes":""},"class_list":["post-218","page","type-page","status-publish","hentry"],"acf":[],"_links":{"self":[{"href":"https:\/\/kalulu.excellolab.org\/en\/wp-json\/wp\/v2\/pages\/218","targetHints":{"allow":["GET"]}}],"collection":[{"href":"https:\/\/kalulu.excellolab.org\/en\/wp-json\/wp\/v2\/pages"}],"about":[{"href":"https:\/\/kalulu.excellolab.org\/en\/wp-json\/wp\/v2\/types\/page"}],"author":[{"embeddable":true,"href":"https:\/\/kalulu.excellolab.org\/en\/wp-json\/wp\/v2\/users\/1"}],"replies":[{"embeddable":true,"href":"https:\/\/kalulu.excellolab.org\/en\/wp-json\/wp\/v2\/comments?post=218"}],"version-history":[{"count":2,"href":"https:\/\/kalulu.excellolab.org\/en\/wp-json\/wp\/v2\/pages\/218\/revisions"}],"predecessor-version":[{"id":240,"href":"https:\/\/kalulu.excellolab.org\/en\/wp-json\/wp\/v2\/pages\/218\/revisions\/240"}],"wp:attachment":[{"href":"https:\/\/kalulu.excellolab.org\/en\/wp-json\/wp\/v2\/media?parent=218"}],"curies":[{"name":"wp","href":"https:\/\/api.w.org\/{rel}","templated":true}]}}