{"id":222,"date":"2025-05-08T09:41:23","date_gmt":"2025-05-08T09:41:23","guid":{"rendered":"http:\/\/kalulu.15.236.191.115.nip.io\/?page_id=222"},"modified":"2025-07-02T19:11:35","modified_gmt":"2025-07-02T19:11:35","slug":"cienciaciudadana-argentina","status":"publish","type":"page","link":"https:\/\/kalulu.excellolab.org\/en\/cienciaciudadana-argentina\/","title":{"rendered":"Formulario para docentes &#8211; Proyecto Ciencia Ciudadana con Kalulu"},"content":{"rendered":"<style id=\"wpforms-css-vars-304\">\n\t\t\t\t#wpforms-304 {\n\t\t\t\t--wpforms-field-size-input-height: 43px;\n--wpforms-field-size-input-spacing: 15px;\n--wpforms-field-size-font-size: 16px;\n--wpforms-field-size-line-height: 19px;\n--wpforms-field-size-padding-h: 14px;\n--wpforms-field-size-checkbox-size: 16px;\n--wpforms-field-size-sublabel-spacing: 5px;\n--wpforms-field-size-icon-size: 1;\n--wpforms-label-size-font-size: 16px;\n--wpforms-label-size-line-height: 19px;\n--wpforms-label-size-sublabel-font-size: 14px;\n--wpforms-label-size-sublabel-line-height: 17px;\n--wpforms-button-size-font-size: 17px;\n--wpforms-button-size-height: 41px;\n--wpforms-button-size-padding-h: 15px;\n--wpforms-button-size-margin-top: 10px;\n--wpforms-container-shadow-size-box-shadow: none;\n\t\t\t}\n\t\t\t<\/style><div class=\"wpforms-container wpforms-container-full wpforms-render-modern\" id=\"wpforms-304\"><form id=\"wpforms-form-304\" class=\"wpforms-validate wpforms-form wpforms-ajax-form\" data-formid=\"304\" method=\"post\" enctype=\"multipart\/form-data\" action=\"\/en\/wp-json\/wp\/v2\/pages\/222\" data-token=\"b89947d7e86f08072668a4f11d44ff2d\" data-token-time=\"1776658968\"><noscript class=\"wpforms-error-noscript\">Please enable JavaScript in your browser to complete this form.<\/noscript><div id=\"wpforms-error-noscript\" style=\"display: none;\">Please enable JavaScript in your browser to complete this form.<\/div><div class=\"wpforms-field-container\"><div id=\"wpforms-304-field_2-container\" class=\"wpforms-field wpforms-field-email\" data-field-id=\"2\"><label class=\"wpforms-field-label\" for=\"wpforms-304-field_2\">E-mail <span class=\"wpforms-required-label\" aria-hidden=\"true\">*<\/span><\/label><input type=\"email\" id=\"wpforms-304-field_2\" class=\"wpforms-field-medium wpforms-field-required\" name=\"wpforms[fields][2]\" spellcheck=\"false\" aria-errormessage=\"wpforms-304-field_2-error\" required><\/div><div id=\"wpforms-304-field_1-container\" class=\"wpforms-field wpforms-field-name\" data-field-id=\"1\"><label class=\"wpforms-field-label\" for=\"wpforms-304-field_1\">Nombre completo <span class=\"wpforms-required-label\" aria-hidden=\"true\">*<\/span><\/label><input type=\"text\" id=\"wpforms-304-field_1\" class=\"wpforms-field-medium wpforms-field-required\" name=\"wpforms[fields][1]\" aria-errormessage=\"wpforms-304-field_1-error\" required><\/div><div id=\"wpforms-304-field_13-container\" class=\"wpforms-field wpforms-field-select wpforms-conditional-trigger wpforms-field-select-style-classic\" data-field-id=\"13\"><label class=\"wpforms-field-label\" for=\"wpforms-304-field_13\">\u00bfEn qu\u00e9 contexto quer\u00e9s usar Kalulu? <span class=\"wpforms-required-label\" aria-hidden=\"true\">*<\/span><\/label><select id=\"wpforms-304-field_13\" class=\"wpforms-field-medium wpforms-field-required\" name=\"wpforms[fields][13]\" required=\"required\"><option value=\"Soy docente, quiero usarlo en el aula para alfabetizar\"  class=\"choice-2 depth-1\"  >Soy docente, quiero usarlo en el aula para alfabetizar<\/option><option value=\"Soy docente, quiero usarlo en el aula como remediaci\u00f3n\"  class=\"choice-4 depth-1\"  >Soy docente, quiero usarlo en el aula como remediaci\u00f3n<\/option><option value=\"Soy psicopedagoga, lo quiero usar con mis pacientes de forma individual\"  class=\"choice-1 depth-1\"  >Soy psicopedagoga, lo quiero usar con mis pacientes de forma individual<\/option><option value=\"Soy psicopedagoga, lo quiero usar en grupos remediales\"  class=\"choice-3 depth-1\"  >Soy psicopedagoga, lo quiero usar en grupos remediales<\/option><option value=\"Quiero usarlo para ayudar a alguien conocido\"  class=\"choice-5 depth-1\"  >Quiero usarlo para ayudar a alguien conocido<\/option><\/select><\/div><div id=\"wpforms-304-field_14-container\" class=\"wpforms-field wpforms-field-select wpforms-conditional-field wpforms-conditional-show wpforms-field-select-style-classic\" data-field-id=\"14\" style=\"display:none;\"><label class=\"wpforms-field-label\" for=\"wpforms-304-field_14\">\u00bfCon cu\u00e1ntos ni\u00f1os trabaj\u00e1s? <span class=\"wpforms-required-label\" aria-hidden=\"true\">*<\/span><\/label><select id=\"wpforms-304-field_14\" class=\"wpforms-field-medium wpforms-field-required\" name=\"wpforms[fields][14]\" required=\"required\"><option value=\"5 o menos\"  class=\"choice-2 depth-1\"  >5 o menos<\/option><option value=\"10 o menos\"  class=\"choice-1 depth-1\"  >10 o menos<\/option><option value=\"15 o menos\"  class=\"choice-3 depth-1\"  >15 o menos<\/option><option value=\"20 o menos\"  class=\"choice-4 depth-1\"  >20 o menos<\/option><option value=\"M\u00e1s de 20\"  class=\"choice-5 depth-1\"  >M\u00e1s de 20<\/option><\/select><\/div><div id=\"wpforms-304-field_4-container\" class=\"wpforms-field wpforms-field-select wpforms-conditional-field wpforms-conditional-show wpforms-conditional-trigger wpforms-field-select-style-classic\" data-field-id=\"4\" style=\"display:none;\"><label class=\"wpforms-field-label\" for=\"wpforms-304-field_4\">\u00bfEst\u00e1s \u2014o cre\u00e9s que podr\u00edas estar en 2026\u2014 a cargo de ense\u00f1ar a leer y escribir en primer grado? <span class=\"wpforms-required-label\" aria-hidden=\"true\">*<\/span><\/label><select id=\"wpforms-304-field_4\" class=\"wpforms-field-medium wpforms-field-required\" name=\"wpforms[fields][4]\" required=\"required\"><option value=\"No\"  class=\"choice-2 depth-1\"  >No<\/option><option value=\"Si\"  class=\"choice-1 depth-1\"  >Si<\/option><\/select><\/div>\t\t<div id=\"wpforms-304-field_3-container\"\n\t\t\tclass=\"wpforms-field wpforms-field-text\"\n\t\t\tdata-field-type=\"text\"\n\t\t\tdata-field-id=\"3\"\n\t\t\t>\n\t\t\t<label class=\"wpforms-field-label\" for=\"wpforms-304-field_3\" >escribir salas podr\u00eda<\/label>\n\t\t\t<input type=\"text\" id=\"wpforms-304-field_3\" class=\"wpforms-field-medium\" name=\"wpforms[fields][3]\" >\n\t\t<\/div>\n\t\t<div id=\"wpforms-304-field_5-container\" class=\"wpforms-field wpforms-field-text wpforms-conditional-field wpforms-conditional-show\" data-field-id=\"5\" style=\"display:none;\"><label class=\"wpforms-field-label\" for=\"wpforms-304-field_5\">\u00bfCu\u00e1ntas salas de primer grado ten\u00e9s \u2014o pens\u00e1s que podr\u00edas tener\u2014 a tu cargo en 2026? <span class=\"wpforms-required-label\" aria-hidden=\"true\">*<\/span><\/label><input type=\"text\" id=\"wpforms-304-field_5\" class=\"wpforms-field-medium wpforms-field-required\" name=\"wpforms[fields][5]\" aria-errormessage=\"wpforms-304-field_5-error\" required><\/div><div id=\"wpforms-304-field_6-container\" class=\"wpforms-field wpforms-field-text wpforms-conditional-field wpforms-conditional-show\" data-field-id=\"6\" style=\"display:none;\"><label class=\"wpforms-field-label\" for=\"wpforms-304-field_6\">\u00bfCu\u00e1ntos estudiantes de primer grado ten\u00e9s \u2014o cre\u00e9s que podr\u00edas tener\u2014 a tu cargo en 2026? <span class=\"wpforms-required-label\" aria-hidden=\"true\">*<\/span><\/label><input type=\"text\" id=\"wpforms-304-field_6\" class=\"wpforms-field-medium wpforms-field-required\" name=\"wpforms[fields][6]\" aria-errormessage=\"wpforms-304-field_6-error\" required><\/div><div id=\"wpforms-304-field_7-container\" class=\"wpforms-field wpforms-field-text wpforms-conditional-field wpforms-conditional-show\" data-field-id=\"7\" style=\"display:none;\"><label class=\"wpforms-field-label\" for=\"wpforms-304-field_7\">\u00bfEn qu\u00e9 provincia Argentina se encuentra\/n la\/s escuela\/s donde das clases? <span class=\"wpforms-required-label\" aria-hidden=\"true\">*<\/span><\/label><input type=\"text\" id=\"wpforms-304-field_7\" class=\"wpforms-field-medium wpforms-field-required\" name=\"wpforms[fields][7]\" aria-errormessage=\"wpforms-304-field_7-error\" required><\/div><div id=\"wpforms-304-field_12-container\" class=\"wpforms-field wpforms-field-text wpforms-conditional-field wpforms-conditional-show\" data-field-id=\"12\" style=\"display:none;\"><label class=\"wpforms-field-label\" for=\"wpforms-304-field_12\">\u00bfEn qu\u00e9 municipio se encuentra\/n la\/s escuela\/s donde das clases? <span class=\"wpforms-required-label\" aria-hidden=\"true\">*<\/span><\/label><input type=\"text\" id=\"wpforms-304-field_12\" class=\"wpforms-field-medium wpforms-field-required\" name=\"wpforms[fields][12]\" aria-errormessage=\"wpforms-304-field_12-error\" required><\/div><div id=\"wpforms-304-field_8-container\" class=\"wpforms-field wpforms-field-select wpforms-conditional-field wpforms-conditional-show wpforms-conditional-trigger wpforms-field-select-style-classic\" data-field-id=\"8\" style=\"display:none;\"><label class=\"wpforms-field-label\" for=\"wpforms-304-field_8\">\u00bfPens\u00e1s que te podr\u00eda interesar participar del proyecto de ciencia ciudadana en 2026? <span class=\"wpforms-required-label\" aria-hidden=\"true\">*<\/span><\/label><select id=\"wpforms-304-field_8\" class=\"wpforms-field-medium wpforms-field-required\" name=\"wpforms[fields][8]\" required=\"required\"><option value=\"Si\"  class=\"choice-1 depth-1\"  >Si<\/option><option value=\"No\"  class=\"choice-2 depth-1\"  >No<\/option><\/select><\/div><div id=\"wpforms-304-field_9-container\" class=\"wpforms-field wpforms-field-select wpforms-conditional-field wpforms-conditional-show wpforms-field-select-style-classic\" data-field-id=\"9\" style=\"display:none;\"><label class=\"wpforms-field-label\" for=\"wpforms-304-field_9\">\u00bfAcept\u00e1s que te contactemos por este medio para invitarte a nuestras pr\u00f3ximas reuniones informativas sobre el proyecto de ciencia ciudadana? <span class=\"wpforms-required-label\" aria-hidden=\"true\">*<\/span><\/label><select id=\"wpforms-304-field_9\" class=\"wpforms-field-medium wpforms-field-required\" name=\"wpforms[fields][9]\" required=\"required\"><option value=\"Acepto\"  class=\"choice-1 depth-1\"  >Acepto<\/option><option value=\"No acepto\"  class=\"choice-2 depth-1\"  >No acepto<\/option><\/select><\/div><div id=\"wpforms-304-field_10-container\" class=\"wpforms-field wpforms-field-text\" data-field-id=\"10\"><label class=\"wpforms-field-label\" for=\"wpforms-304-field_10\">\u00bfAlg\u00fan comentario, duda o sugerencia?<\/label><input type=\"text\" id=\"wpforms-304-field_10\" class=\"wpforms-field-medium\" name=\"wpforms[fields][10]\" aria-errormessage=\"wpforms-304-field_10-error\" ><\/div><script>\n\t\t\t\t( function() {\n\t\t\t\t\tconst style = document.createElement( 'style' );\n\t\t\t\t\tstyle.appendChild( document.createTextNode( '#wpforms-304-field_3-container { position: absolute !important; overflow: hidden !important; display: inline !important; height: 1px !important; width: 1px !important; z-index: -1000 !important; padding: 0 !important; } #wpforms-304-field_3-container input { visibility: hidden; } #wpforms-conversational-form-page #wpforms-304-field_3-container label { counter-increment: none; }' ) );\n\t\t\t\t\tdocument.head.appendChild( style );\n\t\t\t\t\tdocument.currentScript?.remove();\n\t\t\t\t} )();\n\t\t\t<\/script><\/div><!-- .wpforms-field-container --><div class=\"wpforms-submit-container\" ><input type=\"hidden\" name=\"wpforms[id]\" value=\"304\"><input type=\"hidden\" name=\"page_title\" value=\"\"><input type=\"hidden\" name=\"page_url\" value=\"https:\/\/kalulu.excellolab.org\/en\/wp-json\/wp\/v2\/pages\/222\"><input type=\"hidden\" name=\"url_referer\" value=\"\"><button type=\"submit\" name=\"wpforms[submit]\" id=\"wpforms-submit-304\" class=\"wpforms-submit\" data-alt-text=\"Enviando...\" data-submit-text=\"Enviar\" aria-live=\"assertive\" value=\"wpforms-submit\">Enviar<\/button><img loading=\"lazy\" decoding=\"async\" src=\"https:\/\/kalulu.excellolab.org\/wp-content\/plugins\/wpforms\/assets\/images\/submit-spin.svg\" class=\"wpforms-submit-spinner\" style=\"display: none;\" width=\"26\" height=\"26\" alt=\"Loading\"><\/div><\/form><\/div>  <!-- .wpforms-container -->\n\n\n\n<p><\/p>\n","protected":false},"excerpt":{"rendered":"","protected":false},"author":1,"featured_media":0,"parent":0,"menu_order":0,"comment_status":"closed","ping_status":"closed","template":"","meta":{"_acf_changed":false,"footnotes":""},"class_list":["post-222","page","type-page","status-publish","hentry"],"acf":[],"_links":{"self":[{"href":"https:\/\/kalulu.excellolab.org\/en\/wp-json\/wp\/v2\/pages\/222","targetHints":{"allow":["GET"]}}],"collection":[{"href":"https:\/\/kalulu.excellolab.org\/en\/wp-json\/wp\/v2\/pages"}],"about":[{"href":"https:\/\/kalulu.excellolab.org\/en\/wp-json\/wp\/v2\/types\/page"}],"author":[{"embeddable":true,"href":"https:\/\/kalulu.excellolab.org\/en\/wp-json\/wp\/v2\/users\/1"}],"replies":[{"embeddable":true,"href":"https:\/\/kalulu.excellolab.org\/en\/wp-json\/wp\/v2\/comments?post=222"}],"version-history":[{"count":76,"href":"https:\/\/kalulu.excellolab.org\/en\/wp-json\/wp\/v2\/pages\/222\/revisions"}],"predecessor-version":[{"id":649,"href":"https:\/\/kalulu.excellolab.org\/en\/wp-json\/wp\/v2\/pages\/222\/revisions\/649"}],"wp:attachment":[{"href":"https:\/\/kalulu.excellolab.org\/en\/wp-json\/wp\/v2\/media?parent=222"}],"curies":[{"name":"wp","href":"https:\/\/api.w.org\/{rel}","templated":true}]}}